{"id":979,"date":"2025-09-12T10:08:27","date_gmt":"2025-09-12T10:08:27","guid":{"rendered":"https:\/\/swiss-fleckenschutz.ch\/?page_id=979"},"modified":"2026-01-20T17:51:11","modified_gmt":"2026-01-20T17:51:11","slug":"datenschutz","status":"publish","type":"page","link":"https:\/\/swiss-fleckenschutz.ch\/en\/datenschutz\/","title":{"rendered":"Data protection"},"content":{"rendered":"<div data-elementor-type=\"wp-page\" data-elementor-id=\"979\" class=\"elementor elementor-979\" data-elementor-post-type=\"page\">\n\t\t\t\t<div class=\"elementor-element elementor-element-4a132b0 e-flex e-con-boxed e-con e-parent\" data-id=\"4a132b0\" data-element_type=\"container\" data-e-type=\"container\">\n\t\t\t\t\t<div class=\"e-con-inner\">\n\t\t\t\t<div class=\"elementor-element elementor-element-929e10f elementor-widget elementor-widget-text-editor\" data-id=\"929e10f\" data-element_type=\"widget\" data-e-type=\"widget\" data-widget_type=\"text-editor.default\">\n\t\t\t\t\t\t\t\t\t<h1 data-start=\"536\" data-end=\"588\">Privacy policy&nbsp;<\/h1><h1 data-start=\"536\" data-end=\"588\"><span style=\"font-weight: bolder; font-size: 20px;\">Swiss Textil- und Lederschutz GmbH<\/span><\/h1>\n<p data-start=\"590\" data-end=\"837\">Thank you for your interest in our website. The protection of your personal data is important to us. Below we inform you about the collection, processing and use of personal data in the context of this website.<\/p>\n<hr data-start=\"839\" data-end=\"842\">\n<h2 data-start=\"844\" data-end=\"868\">1. responsible person<\/h2>\n<p data-start=\"869\" data-end=\"958\"><strong data-start=\"869\" data-end=\"907\">Swiss Textil- und Lederschutz GmbH<\/strong><br data-start=\"907\" data-end=\"910\">Schwerzistrasse 20<br data-start=\"928\" data-end=\"931\">8807 Freienbach<br data-start=\"946\" data-end=\"949\">Switzerland<\/p>\n<p data-start=\"960\" data-end=\"1094\">Phone: 043 844 48 08<br data-start=\"982\" data-end=\"985\">E-Mail: <a rel=\"noopener\" data-start=\"993\" data-end=\"1020\">info@swiss-fleckenschutz.ch<\/a><br data-start=\"1020\" data-end=\"1023\">Web: <a href=\"https:\/\/swiss-fleckenschutz.ch\/en\/\" target=\"_new\" rel=\"noopener\" data-start=\"1028\" data-end=\"1092\">www.swiss-fleckenschutz.ch<\/a><\/p>\n<hr data-start=\"1096\" data-end=\"1099\">\n<h2 data-start=\"1101\" data-end=\"1138\">2. general information on data collection<\/h2>\n<p data-start=\"1139\" data-end=\"1553\">We process personal data exclusively in accordance with the statutory provisions (Swiss Data Protection Act, EU GDPR where applicable).<br data-start=\"1292\" data-end=\"1295\">When you visit our website, only data that your browser automatically transmits (e.g. IP address, date\/time, browser used, pages visited) is collected by default. This data is used for the secure provision and improvement of our website.<\/p>\n<hr data-start=\"1555\" data-end=\"1558\">\n<h2 data-start=\"1560\" data-end=\"1583\">3. making contact<\/h2>\n<p data-start=\"1584\" data-end=\"1785\">If you contact us by e-mail or telephone, we will only use your details to process your inquiry. It will not be passed on to third parties without your express consent.<\/p>\n<hr data-start=\"1787\" data-end=\"1790\">\n<h2 data-start=\"1792\" data-end=\"1828\">4. use of Google Analytics<\/h2>\n<p data-start=\"1829\" data-end=\"2153\">Our website uses <strong data-start=\"1854\" data-end=\"1874\">Google Analytics<\/strong>a web analytics service provided by Google Ireland Limited. Google Analytics uses cookies to help the website analyze how users use the site. The information generated by cookies is usually transferred to a Google server in the USA and stored there.<\/p>\n<p data-start=\"2155\" data-end=\"2302\">We only use Google Analytics with <strong data-start=\"2191\" data-end=\"2212\">IP anonymization<\/strong> on. This means that your IP address will be truncated within Switzerland or the EU\/EEA.<\/p>\n<p data-start=\"2304\" data-end=\"2592\">You can prevent the storage of cookies in your browser settings. You can also install a browser plugin to deactivate the collection by Google Analytics:<br data-start=\"2500\" data-end=\"2503\"><a target=\"_new\" rel=\"noopener\" data-start=\"2506\" data-end=\"2590\">https:\/\/tools.google.com\/dlpage\/gaoptout<\/a><\/p>\n<hr data-start=\"2594\" data-end=\"2597\">\n<h2 data-start=\"2599\" data-end=\"2628\">5 Google Search Console<\/h2>\n<p data-start=\"2629\" data-end=\"2848\">For technical optimization we use the <strong data-start=\"2672\" data-end=\"2697\">Google Search Console<\/strong>. Only anonymous data on search queries and website performance is provided. There is no personal evaluation.<\/p>\n<hr data-start=\"2850\" data-end=\"2853\">\n<h2 data-start=\"2855\" data-end=\"2870\">6. cookies<\/h2>\n<p data-start=\"2871\" data-end=\"3072\">Our website uses cookies to provide certain functions and to improve the user experience. You can set your browser at any time to allow cookies to be stored.<\/p>\n<hr data-start=\"3074\" data-end=\"3077\">\n<h2 data-start=\"3079\" data-end=\"3107\">7. disclosure of data<\/h2>\n<p data-start=\"3108\" data-end=\"3242\">Personal data will not be transferred to third parties unless we are legally obliged to do so.<\/p>\n<hr data-start=\"3244\" data-end=\"3247\">\n<h2 data-start=\"3249\" data-end=\"3268\">8. your rights<\/h2>\n<p data-start=\"3269\" data-end=\"3504\">You have the right to information about your stored data, to correction or deletion as well as the right to object to processing at any time.<br data-start=\"3427\" data-end=\"3430\">Please address your inquiries to: <a rel=\"noopener\" data-start=\"3475\" data-end=\"3502\">info@swiss-fleckenschutz.ch<\/a><\/p>\n<hr data-start=\"3506\" data-end=\"3509\">\n<h2 data-start=\"3511\" data-end=\"3534\">9. data security<\/h2>\n<p data-start=\"3535\" data-end=\"3671\">We use technical and organizational measures to protect your data against unauthorized access, loss or misuse.<\/p>\n<hr data-start=\"3673\" data-end=\"3676\">\n<h2 data-start=\"3678\" data-end=\"3722\">10. changes to the privacy policy<\/h2>\n<p data-start=\"3723\" data-end=\"3922\">We reserve the right to adapt this privacy policy so that it always complies with current legal requirements. The version published on this page is authoritative.<\/p>\n<hr data-start=\"3924\" data-end=\"3927\">\n<h3 data-start=\"3929\" data-end=\"3955\">Design &amp; Realization<\/h3>\n<p data-start=\"3956\" data-end=\"4033\">Web design and implementation: <a href=\"https:\/\/sparklingbrands.ch\" target=\"_new\" rel=\"noopener\" data-start=\"3981\" data-end=\"4031\">Sparklingbrands&nbsp;<\/a><\/p>\t\t\t\t\t\t\t\t<\/div>\n\t\t\t\t\t<\/div>\n\t\t\t\t<\/div>\n\t\t\t\t<\/div>","protected":false},"excerpt":{"rendered":"<p>Datenschutzerkl\u00e4rung&nbsp; Swiss Textil- und Lederschutz GmbH Wir freuen uns \u00fcber Ihr Interesse an unserer Website. Der Schutz Ihrer pers\u00f6nlichen Daten ist uns ein wichtiges Anliegen. Nachfolgend informieren wir Sie \u00fcber die Erhebung, Verarbeitung und Nutzung personenbezogener Daten im Rahmen dieser Website. 1. Verantwortlicher Swiss Textil- und Lederschutz GmbHSchwerzistrasse 208807 FreienbachSchweiz Telefon: 043 844 48 08E-Mail: [&hellip;]<\/p>\n","protected":false},"author":2,"featured_media":0,"parent":0,"menu_order":0,"comment_status":"closed","ping_status":"closed","template":"elementor_header_footer","meta":{"footnotes":""},"class_list":["post-979","page","type-page","status-publish","hentry"],"_links":{"self":[{"href":"https:\/\/swiss-fleckenschutz.ch\/en\/wp-json\/wp\/v2\/pages\/979","targetHints":{"allow":["GET"]}}],"collection":[{"href":"https:\/\/swiss-fleckenschutz.ch\/en\/wp-json\/wp\/v2\/pages"}],"about":[{"href":"https:\/\/swiss-fleckenschutz.ch\/en\/wp-json\/wp\/v2\/types\/page"}],"author":[{"embeddable":true,"href":"https:\/\/swiss-fleckenschutz.ch\/en\/wp-json\/wp\/v2\/users\/2"}],"replies":[{"embeddable":true,"href":"https:\/\/swiss-fleckenschutz.ch\/en\/wp-json\/wp\/v2\/comments?post=979"}],"version-history":[{"count":8,"href":"https:\/\/swiss-fleckenschutz.ch\/en\/wp-json\/wp\/v2\/pages\/979\/revisions"}],"predecessor-version":[{"id":1281,"href":"https:\/\/swiss-fleckenschutz.ch\/en\/wp-json\/wp\/v2\/pages\/979\/revisions\/1281"}],"wp:attachment":[{"href":"https:\/\/swiss-fleckenschutz.ch\/en\/wp-json\/wp\/v2\/media?parent=979"}],"curies":[{"name":"wp","href":"https:\/\/api.w.org\/{rel}","templated":true}]}}