{"id":111,"date":"2025-03-10T19:37:24","date_gmt":"2025-03-10T19:37:24","guid":{"rendered":"http:\/\/localhost:10018\/?page_id=111"},"modified":"2025-11-24T19:34:25","modified_gmt":"2025-11-24T19:34:25","slug":"fleckenschutz-leistungen","status":"publish","type":"page","link":"https:\/\/swiss-fleckenschutz.ch\/fr\/fleckenschutz-leistungen\/","title":{"rendered":"Services de protection contre les taches"},"content":{"rendered":"\t\t<div data-elementor-type=\"wp-page\" data-elementor-id=\"111\" class=\"elementor elementor-111\" data-elementor-post-type=\"page\">\n\t\t\t\t<div class=\"elementor-element elementor-element-3886705 e-flex e-con-boxed e-con e-parent\" data-id=\"3886705\" data-element_type=\"container\" data-e-type=\"container\" data-settings=\"{&quot;background_background&quot;:&quot;classic&quot;}\">\n\t\t\t\t\t<div class=\"e-con-inner\">\n\t\t\t\t<div class=\"elementor-element elementor-element-adc3eda elementor-widget elementor-widget-heading\" data-id=\"adc3eda\" data-element_type=\"widget\" data-e-type=\"widget\" data-widget_type=\"heading.default\">\n\t\t\t\t\t<h1 class=\"elementor-heading-title elementor-size-default\">TOP CARE LEISTUNGEN<\/h1>\t\t\t\t<\/div>\n\t\t\t\t<div class=\"elementor-element elementor-element-875a5e2 elementor-widget elementor-widget-heading\" data-id=\"875a5e2\" data-element_type=\"widget\" data-e-type=\"widget\" data-widget_type=\"heading.default\">\n\t\t\t\t\t<h3 class=\"elementor-heading-title elementor-size-default\">Schweizer Qualit\u00e4t trifft Fleckenschutz.\nSeit 1996 sind wir Ihre Experten f\u00fcr Textil- &amp; Lederschutz \u2013 mit exklusiven L\u00f6sungen f\u00fcr Privat- &amp; Gesch\u00e4ftskunden.<\/h3>\t\t\t\t<\/div>\n\t\t<div class=\"elementor-element elementor-element-927c677 e-con-full e-flex e-con e-child\" data-id=\"927c677\" data-element_type=\"container\" data-e-type=\"container\">\n\t\t<div class=\"elementor-element elementor-element-bcc08f5 e-con-full e-flex e-con e-child\" data-id=\"bcc08f5\" data-element_type=\"container\" data-e-type=\"container\">\n\t\t\t\t<div class=\"elementor-element elementor-element-8960074 elementor-align-justify elementor-widget elementor-widget-button\" data-id=\"8960074\" data-element_type=\"widget\" data-e-type=\"widget\" data-widget_type=\"button.default\">\n\t\t\t\t\t\t\t\t\t\t<a class=\"elementor-button elementor-button-link elementor-size-sm elementor-animation-float\" href=\"https:\/\/swiss-fleckenschutz.ch\/kontakt\/\">\n\t\t\t\t\t\t<span class=\"elementor-button-content-wrapper\">\n\t\t\t\t\t\t\t\t\t<span class=\"elementor-button-text\">Kostenloses Angebot anfordern<\/span>\n\t\t\t\t\t<\/span>\n\t\t\t\t\t<\/a>\n\t\t\t\t\t\t\t\t<\/div>\n\t\t\t\t<\/div>\n\t\t<div class=\"elementor-element elementor-element-ac71ed3 e-con-full e-flex e-con e-child\" data-id=\"ac71ed3\" data-element_type=\"container\" data-e-type=\"container\">\n\t\t\t\t<div class=\"elementor-element elementor-element-862ef54 elementor-align-justify elementor-widget elementor-widget-button\" data-id=\"862ef54\" data-element_type=\"widget\" data-e-type=\"widget\" data-widget_type=\"button.default\">\n\t\t\t\t\t\t\t\t\t\t<a class=\"elementor-button elementor-button-link elementor-size-sm elementor-animation-float\" href=\"https:\/\/swiss-fleckenschutz.ch\/fr\/top-care-branchen\/\">\n\t\t\t\t\t\t<span class=\"elementor-button-content-wrapper\">\n\t\t\t\t\t\t\t\t\t<span class=\"elementor-button-text\">Unsere Branchen ansehen<\/span>\n\t\t\t\t\t<\/span>\n\t\t\t\t\t<\/a>\n\t\t\t\t\t\t\t\t<\/div>\n\t\t\t\t<\/div>\n\t\t\t\t<\/div>\n\t\t\t\t\t<\/div>\n\t\t\t\t<\/div>\n\t\t<div class=\"elementor-element elementor-element-7318cc6 e-flex e-con-boxed e-con e-parent\" data-id=\"7318cc6\" data-element_type=\"container\" data-e-type=\"container\">\n\t\t\t\t\t<div class=\"e-con-inner\">\n\t\t\t\t<div class=\"elementor-element elementor-element-f9c6269 elementor-widget elementor-widget-heading\" data-id=\"f9c6269\" data-element_type=\"widget\" data-e-type=\"widget\" data-widget_type=\"heading.default\">\n\t\t\t\t\t<h2 class=\"elementor-heading-title elementor-size-default\">Fleckenschutzbehandlung von Top Care<\/h2>\t\t\t\t<\/div>\n\t\t\t\t<div class=\"elementor-element elementor-element-4fed8a9 elementor-widget-divider--view-line elementor-widget elementor-widget-divider\" data-id=\"4fed8a9\" data-element_type=\"widget\" data-e-type=\"widget\" data-widget_type=\"divider.default\">\n\t\t\t\t\t\t\t<div class=\"elementor-divider\">\n\t\t\t<span class=\"elementor-divider-separator\">\n\t\t\t\t\t\t<\/span>\n\t\t<\/div>\n\t\t\t\t\t\t<\/div>\n\t\t\t\t\t<\/div>\n\t\t\t\t<\/div>\n\t\t<div class=\"elementor-element elementor-element-ba46a80 e-flex e-con-boxed e-con e-parent\" data-id=\"ba46a80\" data-element_type=\"container\" data-e-type=\"container\">\n\t\t\t\t\t<div class=\"e-con-inner\">\n\t\t<div class=\"elementor-element elementor-element-d7222ad e-con-full e-flex e-con e-child\" data-id=\"d7222ad\" data-element_type=\"container\" data-e-type=\"container\">\n\t\t\t\t<div class=\"elementor-element elementor-element-6942d7b elementor-widget elementor-widget-heading\" data-id=\"6942d7b\" data-element_type=\"widget\" data-e-type=\"widget\" data-widget_type=\"heading.default\">\n\t\t\t\t\t<h2 class=\"elementor-heading-title elementor-size-default\">Struktur Stoff<\/h2>\t\t\t\t<\/div>\n\t\t<div class=\"elementor-element elementor-element-1046772 e-con-full e-flex e-con e-child\" data-id=\"1046772\" data-element_type=\"container\" data-e-type=\"container\" data-settings=\"{&quot;background_background&quot;:&quot;classic&quot;,&quot;background_motion_fx_motion_fx_scrolling&quot;:&quot;yes&quot;,&quot;background_motion_fx_scale_effect&quot;:&quot;yes&quot;,&quot;background_motion_fx_scale_direction&quot;:&quot;out-in&quot;,&quot;background_motion_fx_scale_speed&quot;:{&quot;unit&quot;:&quot;px&quot;,&quot;size&quot;:4,&quot;sizes&quot;:[]},&quot;background_motion_fx_scale_range&quot;:{&quot;unit&quot;:&quot;%&quot;,&quot;size&quot;:&quot;&quot;,&quot;sizes&quot;:{&quot;start&quot;:20,&quot;end&quot;:80}},&quot;background_motion_fx_devices&quot;:[&quot;desktop&quot;,&quot;tablet&quot;,&quot;mobile&quot;]}\">\n\t\t\t\t<\/div>\n\t\t<div class=\"elementor-element elementor-element-0f3257f e-con-full e-flex e-con e-child\" data-id=\"0f3257f\" data-element_type=\"container\" data-e-type=\"container\" data-settings=\"{&quot;background_background&quot;:&quot;classic&quot;}\">\n\t\t\t\t<div class=\"elementor-element elementor-element-eca0d9b elementor-widget elementor-widget-heading\" data-id=\"eca0d9b\" data-element_type=\"widget\" data-e-type=\"widget\" data-widget_type=\"heading.default\">\n\t\t\t\t\t<h2 class=\"elementor-heading-title elementor-size-default\">f\u00fcr Polsterm\u00f6bel<\/h2>\t\t\t\t<\/div>\n\t\t\t\t<div class=\"elementor-element elementor-element-a589154 elementor-widget elementor-widget-text-editor\" data-id=\"a589154\" data-element_type=\"widget\" data-e-type=\"widget\" data-widget_type=\"text-editor.default\">\n\t\t\t\t\t\t\t\t\tMit TOP CARE Fleckenschutz gesch\u00fctzte Stoffm\u00f6bel bewahren ihre angenehme Haptik und Atmungsaktivit\u00e4t. Versch\u00fcttete Fl\u00fcssigkeiten dringen nicht ins Gewebe ein, sondern perlen ab und lassen sich leicht mit einem Tuch aufnehmen.\t\t\t\t\t\t\t\t<\/div>\n\t\t\t\t<\/div>\n\t\t\t\t<\/div>\n\t\t<div class=\"elementor-element elementor-element-00cfed1 e-con-full e-flex e-con e-child\" data-id=\"00cfed1\" data-element_type=\"container\" data-e-type=\"container\">\n\t\t\t\t<div class=\"elementor-element elementor-element-0465c44 elementor-widget elementor-widget-heading\" data-id=\"0465c44\" data-element_type=\"widget\" data-e-type=\"widget\" data-widget_type=\"heading.default\">\n\t\t\t\t\t<h2 class=\"elementor-heading-title elementor-size-default\">Struktur Leder<\/h2>\t\t\t\t<\/div>\n\t\t<div class=\"elementor-element elementor-element-19ac34c e-con-full e-flex e-con e-child\" data-id=\"19ac34c\" data-element_type=\"container\" data-e-type=\"container\" data-settings=\"{&quot;background_background&quot;:&quot;classic&quot;,&quot;background_motion_fx_motion_fx_scrolling&quot;:&quot;yes&quot;,&quot;background_motion_fx_scale_effect&quot;:&quot;yes&quot;,&quot;background_motion_fx_scale_direction&quot;:&quot;out-in&quot;,&quot;background_motion_fx_scale_speed&quot;:{&quot;unit&quot;:&quot;px&quot;,&quot;size&quot;:4,&quot;sizes&quot;:[]},&quot;background_motion_fx_scale_range&quot;:{&quot;unit&quot;:&quot;%&quot;,&quot;size&quot;:&quot;&quot;,&quot;sizes&quot;:{&quot;start&quot;:20,&quot;end&quot;:80}},&quot;background_motion_fx_devices&quot;:[&quot;desktop&quot;,&quot;tablet&quot;,&quot;mobile&quot;]}\">\n\t\t\t\t<\/div>\n\t\t<div class=\"elementor-element elementor-element-a74f5eb e-con-full e-flex e-con e-child\" data-id=\"a74f5eb\" data-element_type=\"container\" data-e-type=\"container\" data-settings=\"{&quot;background_background&quot;:&quot;classic&quot;}\">\n\t\t\t\t<div class=\"elementor-element elementor-element-552596b elementor-widget elementor-widget-heading\" data-id=\"552596b\" data-element_type=\"widget\" data-e-type=\"widget\" data-widget_type=\"heading.default\">\n\t\t\t\t\t<h2 class=\"elementor-heading-title elementor-size-default\">f\u00fcr Lederm\u00f6bel<\/h2>\t\t\t\t<\/div>\n\t\t\t\t<div class=\"elementor-element elementor-element-bc57448 elementor-widget elementor-widget-text-editor\" data-id=\"bc57448\" data-element_type=\"widget\" data-e-type=\"widget\" data-widget_type=\"text-editor.default\">\n\t\t\t\t\t\t\t\t\tDie mit TOP CARE Fleckenschutz behandelten Lederm\u00f6bel bleiben 100% atmungsaktiv. Fl\u00fcssigkeiten perlen einfach an der Oberfl\u00e4che ab und k\u00f6nnen m\u00fchelos entfernt werden, ohne in das Leder einzudringen.\t\t\t\t\t\t\t\t<\/div>\n\t\t\t\t<\/div>\n\t\t\t\t<\/div>\n\t\t\t\t\t<\/div>\n\t\t\t\t<\/div>\n\t\t<div class=\"elementor-element elementor-element-19c3db9 e-flex e-con-boxed e-con e-parent\" data-id=\"19c3db9\" data-element_type=\"container\" data-e-type=\"container\">\n\t\t\t\t\t<div class=\"e-con-inner\">\n\t\t<div class=\"elementor-element elementor-element-53c5b11 e-con-full e-flex e-con e-child\" data-id=\"53c5b11\" data-element_type=\"container\" data-e-type=\"container\">\n\t\t\t\t<div class=\"elementor-element elementor-element-86c7476 elementor-widget elementor-widget-heading\" data-id=\"86c7476\" data-element_type=\"widget\" data-e-type=\"widget\" data-widget_type=\"heading.default\">\n\t\t\t\t\t<h2 class=\"elementor-heading-title elementor-size-default\">Ab Auslieferung erhalten Sie eine 3-j\u00e4hrige Fleckenschutzgarantie\n<\/h2>\t\t\t\t<\/div>\n\t\t\t\t<div class=\"elementor-element elementor-element-8f21844 elementor-widget-divider--view-line elementor-widget elementor-widget-divider\" data-id=\"8f21844\" data-element_type=\"widget\" data-e-type=\"widget\" data-widget_type=\"divider.default\">\n\t\t\t\t\t\t\t<div class=\"elementor-divider\">\n\t\t\t<span class=\"elementor-divider-separator\">\n\t\t\t\t\t\t<\/span>\n\t\t<\/div>\n\t\t\t\t\t\t<\/div>\n\t\t\t\t<div class=\"elementor-element elementor-element-7c2cc0d elementor-widget elementor-widget-text-editor\" data-id=\"7c2cc0d\" data-element_type=\"widget\" data-e-type=\"widget\" data-widget_type=\"text-editor.default\">\n\t\t\t\t\t\t\t\t\t<p>Falls ein Fleck entsteht, sollte dieser sobald als m\u00f6glich mit dem mitgelieferten Spezialreiniger nach Gebrauchsanweisung behandelt werden.<\/p><p>Bleibt trotz Reinigung ein hartn\u00e4ckiger Fleck zur\u00fcck, so wird die Swiss Textil- und Lederschutz GmbH die verschmutzte Stelle kostenlos und fachm\u00e4nnisch reinigen.<\/p><p>Die Garantie bezieht sich\u00a0nicht\u00a0auf:<\/p><ul><li><span class=\"\">normalen Verschleiss des Stoffes oder Leders,<\/span><\/li><li><span class=\"\">Flecken, die durch S\u00e4ure, Farb- oder Bleichmittel oder \u00e4tzende Substanzen entstanden sind,<\/span><\/li><li><span class=\"\">nicht farbechte Stoffe oder Leder.<\/span><\/li><\/ul><p>\u00a0<\/p><p>Eine regelm\u00e4ssige Pflege der Polsterm\u00f6bel, Textilm\u00f6bel und Lederm\u00f6bel ist notwendig. Wir empfehlen, die Polster einmal in der Woche vorsichtig abzusaugen und monatlich mit dem mitgelieferten Reiniger laut Gebrauchsanweisung \u201eabzuwischen\u201c.<\/p>\t\t\t\t\t\t\t\t<\/div>\n\t\t\t\t<\/div>\n\t\t\t\t\t<\/div>\n\t\t\t\t<\/div>\n\t\t<div class=\"elementor-element elementor-element-17fc572 e-flex e-con-boxed e-con e-parent\" data-id=\"17fc572\" data-element_type=\"container\" data-e-type=\"container\" data-settings=\"{&quot;background_background&quot;:&quot;classic&quot;,&quot;background_motion_fx_motion_fx_scrolling&quot;:&quot;yes&quot;,&quot;background_motion_fx_devices&quot;:[&quot;desktop&quot;,&quot;tablet&quot;,&quot;mobile&quot;]}\">\n\t\t\t\t\t<div class=\"e-con-inner\">\n\t\t\t\t\t<\/div>\n\t\t\t\t<\/div>\n\t\t<div class=\"elementor-element elementor-element-c5028b8 e-flex e-con-boxed e-con e-parent\" data-id=\"c5028b8\" data-element_type=\"container\" data-e-type=\"container\">\n\t\t\t\t\t<div class=\"e-con-inner\">\n\t\t<div class=\"elementor-element elementor-element-ccf640e e-con-full e-flex e-con e-child\" data-id=\"ccf640e\" data-element_type=\"container\" data-e-type=\"container\" data-settings=\"{&quot;background_background&quot;:&quot;classic&quot;}\">\n\t\t\t\t<div class=\"elementor-element elementor-element-8212e05 elementor-widget elementor-widget-heading\" data-id=\"8212e05\" data-element_type=\"widget\" data-e-type=\"widget\" data-widget_type=\"heading.default\">\n\t\t\t\t\t<h2 class=\"elementor-heading-title elementor-size-default\">Sie erhalten:<\/h2>\t\t\t\t<\/div>\n\t\t\t\t<div class=\"elementor-element elementor-element-98d51d6 elementor-icon-list--layout-traditional elementor-list-item-link-full_width elementor-widget elementor-widget-icon-list\" data-id=\"98d51d6\" data-element_type=\"widget\" data-e-type=\"widget\" data-widget_type=\"icon-list.default\">\n\t\t\t\t\t\t\t<ul class=\"elementor-icon-list-items\">\n\t\t\t\t\t\t\t<li class=\"elementor-icon-list-item\">\n\t\t\t\t\t\t\t\t\t\t\t<span class=\"elementor-icon-list-icon\">\n\t\t\t\t\t\t\t<svg aria-hidden=\"true\" class=\"e-font-icon-svg e-fas-check\" viewBox=\"0 0 512 512\" xmlns=\"http:\/\/www.w3.org\/2000\/svg\"><path d=\"M173.898 439.404l-166.4-166.4c-9.997-9.997-9.997-26.206 0-36.204l36.203-36.204c9.997-9.998 26.207-9.998 36.204 0L192 312.69 432.095 72.596c9.997-9.997 26.207-9.997 36.204 0l36.203 36.204c9.997 9.997 9.997 26.206 0 36.204l-294.4 294.401c-9.998 9.997-26.207 9.997-36.204-.001z\"><\/path><\/svg>\t\t\t\t\t\t<\/span>\n\t\t\t\t\t\t\t\t\t\t<span class=\"elementor-icon-list-text\">Fachgerechte Behandlung durch          einen TOP CARE Fleckenschutz-          Spezialisten<\/span>\n\t\t\t\t\t\t\t\t\t<\/li>\n\t\t\t\t\t\t\t\t<li class=\"elementor-icon-list-item\">\n\t\t\t\t\t\t\t\t\t\t\t<span class=\"elementor-icon-list-icon\">\n\t\t\t\t\t\t\t<svg aria-hidden=\"true\" class=\"e-font-icon-svg e-fas-check\" viewBox=\"0 0 512 512\" xmlns=\"http:\/\/www.w3.org\/2000\/svg\"><path d=\"M173.898 439.404l-166.4-166.4c-9.997-9.997-9.997-26.206 0-36.204l36.203-36.204c9.997-9.998 26.207-9.998 36.204 0L192 312.69 432.095 72.596c9.997-9.997 26.207-9.997 36.204 0l36.203 36.204c9.997 9.997 9.997 26.206 0 36.204l-294.4 294.401c-9.998 9.997-26.207 9.997-36.204-.001z\"><\/path><\/svg>\t\t\t\t\t\t<\/span>\n\t\t\t\t\t\t\t\t\t\t<span class=\"elementor-icon-list-text\">3 Jahre ohne Risiko mit Garantie<\/span>\n\t\t\t\t\t\t\t\t\t<\/li>\n\t\t\t\t\t\t\t\t<li class=\"elementor-icon-list-item\">\n\t\t\t\t\t\t\t\t\t\t\t<span class=\"elementor-icon-list-icon\">\n\t\t\t\t\t\t\t<svg aria-hidden=\"true\" class=\"e-font-icon-svg e-fas-check\" viewBox=\"0 0 512 512\" xmlns=\"http:\/\/www.w3.org\/2000\/svg\"><path d=\"M173.898 439.404l-166.4-166.4c-9.997-9.997-9.997-26.206 0-36.204l36.203-36.204c9.997-9.998 26.207-9.998 36.204 0L192 312.69 432.095 72.596c9.997-9.997 26.207-9.997 36.204 0l36.203 36.204c9.997 9.997 9.997 26.206 0 36.204l-294.4 294.401c-9.998 9.997-26.207 9.997-36.204-.001z\"><\/path><\/svg>\t\t\t\t\t\t<\/span>\n\t\t\t\t\t\t\t\t\t\t<span class=\"elementor-icon-list-text\">Reinigungsset zur schnellen          Fleckenentfernung<\/span>\n\t\t\t\t\t\t\t\t\t<\/li>\n\t\t\t\t\t\t\t\t<li class=\"elementor-icon-list-item\">\n\t\t\t\t\t\t\t\t\t\t\t<span class=\"elementor-icon-list-icon\">\n\t\t\t\t\t\t\t<svg aria-hidden=\"true\" class=\"e-font-icon-svg e-fas-check\" viewBox=\"0 0 512 512\" xmlns=\"http:\/\/www.w3.org\/2000\/svg\"><path d=\"M173.898 439.404l-166.4-166.4c-9.997-9.997-9.997-26.206 0-36.204l36.203-36.204c9.997-9.998 26.207-9.998 36.204 0L192 312.69 432.095 72.596c9.997-9.997 26.207-9.997 36.204 0l36.203 36.204c9.997 9.997 9.997 26.206 0 36.204l-294.4 294.401c-9.998 9.997-26.207 9.997-36.204-.001z\"><\/path><\/svg>\t\t\t\t\t\t<\/span>\n\t\t\t\t\t\t\t\t\t\t<span class=\"elementor-icon-list-text\">Kostenloser Reinigungsservice<\/span>\n\t\t\t\t\t\t\t\t\t<\/li>\n\t\t\t\t\t\t<\/ul>\n\t\t\t\t\t\t<\/div>\n\t\t\t\t<\/div>\n\t\t<div class=\"elementor-element elementor-element-c63a519 e-con-full e-flex e-con e-child\" data-id=\"c63a519\" data-element_type=\"container\" data-e-type=\"container\">\n\t\t\t\t<div class=\"elementor-element elementor-element-bdb469b elementor-widget elementor-widget-heading\" data-id=\"bdb469b\" data-element_type=\"widget\" data-e-type=\"widget\" data-widget_type=\"heading.default\">\n\t\t\t\t\t<h2 class=\"elementor-heading-title elementor-size-default\">Das 4-Punkte-Fleckenschutzsystem<\/h2>\t\t\t\t<\/div>\n\t\t\t\t<div class=\"elementor-element elementor-element-76a8208 elementor-widget-divider--view-line elementor-widget elementor-widget-divider\" data-id=\"76a8208\" data-element_type=\"widget\" data-e-type=\"widget\" data-widget_type=\"divider.default\">\n\t\t\t\t\t\t\t<div class=\"elementor-divider\">\n\t\t\t<span class=\"elementor-divider-separator\">\n\t\t\t\t\t\t<\/span>\n\t\t<\/div>\n\t\t\t\t\t\t<\/div>\n\t\t\t\t<div class=\"elementor-element elementor-element-1cee031 elementor-widget elementor-widget-text-editor\" data-id=\"1cee031\" data-element_type=\"widget\" data-e-type=\"widget\" data-widget_type=\"text-editor.default\">\n\t\t\t\t\t\t\t\t\t<p>Das 4-Punkte-Fleckenschutzsystem wurde vor \u00fcber 20 Jahren von der Firma TOP CARE Textil- und Lederschutz GmbH in Deutschland entwickelt.<\/p><p>Die Behandlung Ihrer Polsterm\u00f6bel, Textilm\u00f6bel und Lederm\u00f6bel mit dem TOP CARE Fleckenschutz erfolgt vor der Auslieferung oder nach Auslieferung durch einen ausgebildeten Fachmann. Mit der Fleckenschutzbehandlung verbunden ist eine schriftliche 3-Jahresgarantie. Zur schnellen Fleckenbehandlung zuhause wird ein Fleckenschutz-Set mit Speziall\u00f6sung mitgeliefert, das jederzeit nachgeliefert werden kann. F\u00fcr aussergew\u00f6hnliche F\u00e4lle steht Ihnen der TOP CARE Fleckenschutz Reinigungsservice zur Verf\u00fcgung.<\/p><p>Bestellen Sie jetzt Ihr TOP CARE Fleckenschutz-Set mit Speziall\u00f6sung (wenn Ihr Sofa TOP CARE behandelt ist).<\/p>\t\t\t\t\t\t\t\t<\/div>\n\t\t\t\t<\/div>\n\t\t\t\t\t<\/div>\n\t\t\t\t<\/div>\n\t\t<div class=\"elementor-element elementor-element-b8989a6 e-flex e-con-boxed e-con e-parent\" data-id=\"b8989a6\" data-element_type=\"container\" data-e-type=\"container\" data-settings=\"{&quot;background_background&quot;:&quot;classic&quot;}\">\n\t\t\t\t\t<div class=\"e-con-inner\">\n\t\t\t\t<div class=\"elementor-element elementor-element-b0c057c elementor-widget elementor-widget-heading\" data-id=\"b0c057c\" data-element_type=\"widget\" data-e-type=\"widget\" data-widget_type=\"heading.default\">\n\t\t\t\t\t<h2 class=\"elementor-heading-title elementor-size-default\">Unsere Topcare Leistungen<\/h2>\t\t\t\t<\/div>\n\t\t<div class=\"elementor-element elementor-element-500a00d e-grid e-con-full e-con e-child\" data-id=\"500a00d\" data-element_type=\"container\" data-e-type=\"container\">\n\t\t<div class=\"elementor-element elementor-element-7c5ed68 e-con-full e-flex e-con e-child\" data-id=\"7c5ed68\" data-element_type=\"container\" data-e-type=\"container\" data-settings=\"{&quot;background_background&quot;:&quot;classic&quot;}\">\n\t\t\t\t<div class=\"elementor-element elementor-element-42ef84d elementor-widget elementor-widget-heading\" data-id=\"42ef84d\" data-element_type=\"widget\" data-e-type=\"widget\" data-widget_type=\"heading.default\">\n\t\t\t\t\t<h2 class=\"elementor-heading-title elementor-size-default\">Teppichreinigung<\/h2>\t\t\t\t<\/div>\n\t\t\t\t<div class=\"elementor-element elementor-element-23b2b3b elementor-widget elementor-widget-text-editor\" data-id=\"23b2b3b\" data-element_type=\"widget\" data-e-type=\"widget\" data-widget_type=\"text-editor.default\">\n\t\t\t\t\t\t\t\t\t<p>Wir reinigen Ihre Teppiche professionell und materialgerecht \u2013 ob Naturfaser, Synthetik oder Mischgewebe. Unsere schonenden Verfahren entfernen tiefsitzenden Schmutz, Ger\u00fcche und Flecken, ohne Farben oder Struktur anzugreifen. Ideal f\u00fcr Privathaushalte, B\u00fcros, Hotels und \u00f6ffentliche Einrichtungen.<\/p>\t\t\t\t\t\t\t\t<\/div>\n\t\t\t\t<\/div>\n\t\t<div class=\"elementor-element elementor-element-3d9c218 e-con-full e-flex e-con e-child\" data-id=\"3d9c218\" data-element_type=\"container\" data-e-type=\"container\" data-settings=\"{&quot;background_background&quot;:&quot;classic&quot;}\">\n\t\t\t\t<div class=\"elementor-element elementor-element-5f22877 elementor-widget elementor-widget-heading\" data-id=\"5f22877\" data-element_type=\"widget\" data-e-type=\"widget\" data-widget_type=\"heading.default\">\n\t\t\t\t\t<h2 class=\"elementor-heading-title elementor-size-default\">Polsterschutz<\/h2>\t\t\t\t<\/div>\n\t\t\t\t<div class=\"elementor-element elementor-element-0b7d90d elementor-widget elementor-widget-text-editor\" data-id=\"0b7d90d\" data-element_type=\"widget\" data-e-type=\"widget\" data-widget_type=\"text-editor.default\">\n\t\t\t\t\t\t\t\t\t<p>Unsere Polsterschutzbehandlung bewahrt Sofas, Sessel und Sitzb\u00e4nke vor Fl\u00fcssigkeiten, Flecken und Abnutzung \u2013 ganz ohne optische oder haptische Ver\u00e4nderung. Perfekt geeignet f\u00fcr vielgenutzte Wohn- und Wartebereiche.<\/p>\t\t\t\t\t\t\t\t<\/div>\n\t\t\t\t<\/div>\n\t\t<div class=\"elementor-element elementor-element-a377783 e-con-full e-flex e-con e-child\" data-id=\"a377783\" data-element_type=\"container\" data-e-type=\"container\" data-settings=\"{&quot;background_background&quot;:&quot;classic&quot;}\">\n\t\t\t\t<div class=\"elementor-element elementor-element-78f33cd elementor-widget elementor-widget-heading\" data-id=\"78f33cd\" data-element_type=\"widget\" data-e-type=\"widget\" data-widget_type=\"heading.default\">\n\t\t\t\t\t<h2 class=\"elementor-heading-title elementor-size-default\">Lederschutz<\/h2>\t\t\t\t<\/div>\n\t\t\t\t<div class=\"elementor-element elementor-element-e9d1786 elementor-widget elementor-widget-text-editor\" data-id=\"e9d1786\" data-element_type=\"widget\" data-e-type=\"widget\" data-widget_type=\"text-editor.default\">\n\t\t\t\t\t\t\t\t\t<p>Leder verdient besondere Aufmerksamkeit. Unsere Lederschutzprodukte versiegeln porenschonend und sch\u00fctzen vor Fl\u00fcssigkeiten, Kratzern und fr\u00fchzeitiger Alterung \u2013 ohne das nat\u00fcrliche Aussehen oder die Atmungsaktivit\u00e4t zu beeintr\u00e4chtigen.<\/p>\t\t\t\t\t\t\t\t<\/div>\n\t\t\t\t<\/div>\n\t\t<div class=\"elementor-element elementor-element-3a6d5a4 e-con-full e-flex e-con e-child\" data-id=\"3a6d5a4\" data-element_type=\"container\" data-e-type=\"container\" data-settings=\"{&quot;background_background&quot;:&quot;classic&quot;}\">\n\t\t\t\t<div class=\"elementor-element elementor-element-7b4bd56 elementor-widget elementor-widget-heading\" data-id=\"7b4bd56\" data-element_type=\"widget\" data-e-type=\"widget\" data-widget_type=\"heading.default\">\n\t\t\t\t\t<h2 class=\"elementor-heading-title elementor-size-default\">Industrielle Textilpflege<\/h2>\t\t\t\t<\/div>\n\t\t\t\t<div class=\"elementor-element elementor-element-a0c23bc elementor-widget elementor-widget-text-editor\" data-id=\"a0c23bc\" data-element_type=\"widget\" data-e-type=\"widget\" data-widget_type=\"text-editor.default\">\n\t\t\t\t\t\t\t\t\t<p>F\u00fcr Unternehmen mit gro\u00dfen textilen Fl\u00e4chen bieten wir systematische Reinigungs- und Schutzl\u00f6sungen. Ob Hotels, Pflegeeinrichtungen oder B\u00fcros \u2013 <a href=\"https:\/\/swiss-fleckenschutz.ch\/top-care-branchen\/\">unsere Dienstleistungen<\/a> lassen sich exakt an Ihre betrieblichen Abl\u00e4ufe anpassen.<\/p>\t\t\t\t\t\t\t\t<\/div>\n\t\t\t\t<\/div>\n\t\t<div class=\"elementor-element elementor-element-ee09aaf e-con-full e-flex e-con e-child\" data-id=\"ee09aaf\" data-element_type=\"container\" data-e-type=\"container\" data-settings=\"{&quot;background_background&quot;:&quot;classic&quot;}\">\n\t\t\t\t<div class=\"elementor-element elementor-element-fb3da84 elementor-widget elementor-widget-heading\" data-id=\"fb3da84\" data-element_type=\"widget\" data-e-type=\"widget\" data-widget_type=\"heading.default\">\n\t\t\t\t\t<h2 class=\"elementor-heading-title elementor-size-default\">Fleckenentfernung<\/h2>\t\t\t\t<\/div>\n\t\t\t\t<div class=\"elementor-element elementor-element-96c68d0 elementor-widget elementor-widget-text-editor\" data-id=\"96c68d0\" data-element_type=\"widget\" data-e-type=\"widget\" data-widget_type=\"text-editor.default\">\n\t\t\t\t\t\t\t\t\t<p>Ob Rotwein, Kaffee, Tinte oder Fett \u2013 wir entfernen hartn\u00e4ckige Flecken auf Teppichen, Polstern und M\u00f6belstoffen fachgerecht und materialschonend. Unsere Spezialmittel wirken tief in der Faser \u2013 ohne R\u00fcckst\u00e4nde oder Farbver\u00e4nderung.<\/p>\t\t\t\t\t\t\t\t<\/div>\n\t\t\t\t<\/div>\n\t\t<div class=\"elementor-element elementor-element-6446fe1 e-con-full e-flex e-con e-child\" data-id=\"6446fe1\" data-element_type=\"container\" data-e-type=\"container\" data-settings=\"{&quot;background_background&quot;:&quot;classic&quot;}\">\n\t\t\t\t<\/div>\n\t\t\t\t<\/div>\n\t\t\t\t\t<\/div>\n\t\t\t\t<\/div>\n\t\t\t\t<\/div>\n\t\t","protected":false},"excerpt":{"rendered":"<p>TOP CARE LEISTUNGEN Schweizer Qualit\u00e4t trifft Fleckenschutz. Seit 1996 sind wir Ihre Experten f\u00fcr Textil- &amp; Lederschutz \u2013 mit exklusiven L\u00f6sungen f\u00fcr Privat- &amp; Gesch\u00e4ftskunden. Kostenloses Angebot anfordern Unsere Branchen ansehen Fleckenschutzbehandlung von Top Care Struktur Stoff f\u00fcr Polsterm\u00f6bel Mit TOP CARE Fleckenschutz gesch\u00fctzte Stoffm\u00f6bel bewahren ihre angenehme Haptik und Atmungsaktivit\u00e4t. Versch\u00fcttete Fl\u00fcssigkeiten dringen nicht [&hellip;]<\/p>\n","protected":false},"author":2,"featured_media":0,"parent":0,"menu_order":0,"comment_status":"closed","ping_status":"closed","template":"elementor_header_footer","meta":{"footnotes":""},"class_list":["post-111","page","type-page","status-publish","hentry"],"_links":{"self":[{"href":"https:\/\/swiss-fleckenschutz.ch\/fr\/wp-json\/wp\/v2\/pages\/111","targetHints":{"allow":["GET"]}}],"collection":[{"href":"https:\/\/swiss-fleckenschutz.ch\/fr\/wp-json\/wp\/v2\/pages"}],"about":[{"href":"https:\/\/swiss-fleckenschutz.ch\/fr\/wp-json\/wp\/v2\/types\/page"}],"author":[{"embeddable":true,"href":"https:\/\/swiss-fleckenschutz.ch\/fr\/wp-json\/wp\/v2\/users\/2"}],"replies":[{"embeddable":true,"href":"https:\/\/swiss-fleckenschutz.ch\/fr\/wp-json\/wp\/v2\/comments?post=111"}],"version-history":[{"count":97,"href":"https:\/\/swiss-fleckenschutz.ch\/fr\/wp-json\/wp\/v2\/pages\/111\/revisions"}],"predecessor-version":[{"id":1174,"href":"https:\/\/swiss-fleckenschutz.ch\/fr\/wp-json\/wp\/v2\/pages\/111\/revisions\/1174"}],"wp:attachment":[{"href":"https:\/\/swiss-fleckenschutz.ch\/fr\/wp-json\/wp\/v2\/media?parent=111"}],"curies":[{"name":"wp","href":"https:\/\/api.w.org\/{rel}","templated":true}]}}