{"id":971,"date":"2025-09-12T09:51:58","date_gmt":"2025-09-12T09:51:58","guid":{"rendered":"https:\/\/swiss-fleckenschutz.ch\/?page_id=971"},"modified":"2025-09-12T09:59:35","modified_gmt":"2025-09-12T09:59:35","slug":"impressum","status":"publish","type":"page","link":"https:\/\/swiss-fleckenschutz.ch\/fr\/impressum\/","title":{"rendered":"Mentions l\u00e9gales"},"content":{"rendered":"<div data-elementor-type=\"wp-page\" data-elementor-id=\"971\" class=\"elementor elementor-971\" data-elementor-post-type=\"page\">\n\t\t\t\t<div class=\"elementor-element elementor-element-f707e4a e-flex e-con-boxed e-con e-parent\" data-id=\"f707e4a\" data-element_type=\"container\" data-e-type=\"container\">\n\t\t\t\t\t<div class=\"e-con-inner\">\n\t\t\t\t<div class=\"elementor-element elementor-element-133a58b elementor-widget elementor-widget-text-editor\" data-id=\"133a58b\" data-element_type=\"widget\" data-e-type=\"widget\" data-widget_type=\"text-editor.default\">\n\t\t\t\t\t\t\t\t\t<h1 data-start=\"521\" data-end=\"562\">Mentions l\u00e9gales - Swiss Fleckenschutz GmbH<\/h1><p data-start=\"564\" data-end=\"644\"><strong data-start=\"564\" data-end=\"592\">Swiss Fleckenschutz GmbH<\/strong><br data-start=\"592\" data-end=\"595\" \/>20, rue Schwerzi, <br \/>8807 Freienbach (canton de Schwyz)<br data-start=\"632\" data-end=\"635\" \/>Suisse<\/p><hr data-start=\"646\" data-end=\"649\" \/><h3 data-start=\"651\" data-end=\"664\">Contact<\/h3><p>T\u00e9l\u00e9phone : 043 844 48 08<br data-start=\"1213\" data-end=\"1216\" \/>Courrier \u00e9lectronique : <a class=\"decorated-link cursor-pointer\" rel=\"noopener\" data-start=\"1224\" data-end=\"1251\">info@swiss-fleckenschutz.ch<\/a>\u00a0<br data-start=\"1307\" data-end=\"1310\" \/>Web : <a class=\"decorated-link keychainify-checked\" href=\"https:\/\/swiss-fleckenschutz.ch\/fr\/\" target=\"_new\" rel=\"noopener\" data-start=\"1315\" data-end=\"1379\">www.swiss-fleckenschutz.ch<\/a><\/p><p>\u00a0<\/p><hr data-start=\"804\" data-end=\"807\" \/><h3 data-start=\"809\" data-end=\"834\">Informations sur l'entreprise<\/h3><p data-start=\"835\" data-end=\"1026\">Forme juridique : soci\u00e9t\u00e9 \u00e0 responsabilit\u00e9 limit\u00e9e (SARL)<br data-start=\"1470\" data-end=\"1473\" \/>Registre du commerce : CH-130.4.018.330-4 (Office du registre du commerce de Schwyz)<br data-start=\"1536\" data-end=\"1539\" \/>UID \/ MWST : CHE-400.377.808<br data-start=\"1566\" data-end=\"1569\" \/>Direction : Rocco Maglio, Sarah Maglio<br data-start=\"1613\" data-end=\"1616\" \/>Si\u00e8ge de l'entreprise : Freienbach, canton de Schwyz<\/p><hr data-start=\"1028\" data-end=\"1031\" \/><h3 data-start=\"1033\" data-end=\"1057\">Clause de non-responsabilit\u00e9<\/h3><p data-start=\"1058\" data-end=\"1442\">Le contenu de ce site Internet a \u00e9t\u00e9 \u00e9labor\u00e9 avec le plus grand soin. Swiss Fleckenschutz GmbH n'assume aucune responsabilit\u00e9 quant \u00e0 l'exactitude, l'exhaustivit\u00e9 et l'actualit\u00e9 des contenus.<br data-start=\"1246\" data-end=\"1249\" \/>Malgr\u00e9 un contr\u00f4le minutieux du contenu, nous n'assumons aucune responsabilit\u00e9 pour le contenu des liens externes. Seuls les exploitants de ces sites sont responsables de leur contenu.<\/p><hr data-start=\"1444\" data-end=\"1447\" \/><h3 data-start=\"1449\" data-end=\"1467\">Droit d'auteur<\/h3><p data-start=\"1468\" data-end=\"1786\">Tous les contenus, images, textes et graphiques de ce site sont soumis au droit d'auteur suisse. Toute reproduction, modification, diffusion ou autre utilisation en dehors des limites du droit d'auteur n\u00e9cessite l'accord \u00e9crit de Swiss Fleckenschutz GmbH ou du titulaire des droits concern\u00e9.<\/p><hr data-start=\"1788\" data-end=\"1791\" \/><h3 data-start=\"1793\" data-end=\"1810\">Protection des donn\u00e9es<\/h3><p data-start=\"1811\" data-end=\"1920\">Vous trouverez des indications sur le traitement des donn\u00e9es personnelles dans notre <a class=\"decorated-link cursor-pointer\" rel=\"noopener\" data-start=\"1881\" data-end=\"1917\">D\u00e9claration de confidentialit\u00e9<\/a>.<\/p><hr data-start=\"1922\" data-end=\"1925\" \/><h3 data-start=\"1927\" data-end=\"1953\">Conception &amp; r\u00e9alisation<\/h3><p data-start=\"1954\" data-end=\"2042\">Concept, SEO &amp; webdesign par<br data-start=\"1984\" data-end=\"1987\" \/><a class=\"decorated-link keychainify-checked\" href=\"https:\/\/sparklingbrands.ch\" target=\"_new\" rel=\"noopener\" data-start=\"1990\" data-end=\"2040\">Agence web SparklingBrands <\/a><\/p>\t\t\t\t\t\t\t\t<\/div>\n\t\t\t\t\t<\/div>\n\t\t\t\t<\/div>\n\t\t\t\t<\/div>","protected":false},"excerpt":{"rendered":"<p>Impressum \u2013 Swiss Fleckenschutz GmbH Swiss Fleckenschutz GmbHSchwerzistrasse 20, 8807 Freienbach (Kanton Schwyz)Schweiz Kontakt Telefon: 043 844 48 08E-Mail: info@swiss-fleckenschutz.ch\u00a0Web: www.swiss-fleckenschutz.ch \u00a0 Unternehmensangaben Rechtsform: Gesellschaft mit beschr\u00e4nkter Haftung (GmbH)Handelsregister: CH-130.4.018.330-4 (Handelsregisteramt Schwyz)UID \/ MWST: CHE-400.377.808Gesch\u00e4ftsf\u00fchrung: Rocco Maglio, Sarah MaglioFirmensitz: Freienbach, Kanton Schwyz Haftungsausschluss Die Inhalte dieser Website wurden mit gr\u00f6\u00dftm\u00f6glicher Sorgfalt erstellt. F\u00fcr die Richtigkeit, [&hellip;]<\/p>\n","protected":false},"author":2,"featured_media":0,"parent":0,"menu_order":0,"comment_status":"closed","ping_status":"closed","template":"elementor_header_footer","meta":{"footnotes":""},"class_list":["post-971","page","type-page","status-publish","hentry"],"_links":{"self":[{"href":"https:\/\/swiss-fleckenschutz.ch\/fr\/wp-json\/wp\/v2\/pages\/971","targetHints":{"allow":["GET"]}}],"collection":[{"href":"https:\/\/swiss-fleckenschutz.ch\/fr\/wp-json\/wp\/v2\/pages"}],"about":[{"href":"https:\/\/swiss-fleckenschutz.ch\/fr\/wp-json\/wp\/v2\/types\/page"}],"author":[{"embeddable":true,"href":"https:\/\/swiss-fleckenschutz.ch\/fr\/wp-json\/wp\/v2\/users\/2"}],"replies":[{"embeddable":true,"href":"https:\/\/swiss-fleckenschutz.ch\/fr\/wp-json\/wp\/v2\/comments?post=971"}],"version-history":[{"count":4,"href":"https:\/\/swiss-fleckenschutz.ch\/fr\/wp-json\/wp\/v2\/pages\/971\/revisions"}],"predecessor-version":[{"id":976,"href":"https:\/\/swiss-fleckenschutz.ch\/fr\/wp-json\/wp\/v2\/pages\/971\/revisions\/976"}],"wp:attachment":[{"href":"https:\/\/swiss-fleckenschutz.ch\/fr\/wp-json\/wp\/v2\/media?parent=971"}],"curies":[{"name":"wp","href":"https:\/\/api.w.org\/{rel}","templated":true}]}}