{"id":979,"date":"2025-09-12T10:08:27","date_gmt":"2025-09-12T10:08:27","guid":{"rendered":"https:\/\/swiss-fleckenschutz.ch\/?page_id=979"},"modified":"2026-01-20T17:51:11","modified_gmt":"2026-01-20T17:51:11","slug":"datenschutz","status":"publish","type":"page","link":"https:\/\/swiss-fleckenschutz.ch\/fr\/datenschutz\/","title":{"rendered":"Protection des donn\u00e9es"},"content":{"rendered":"<div data-elementor-type=\"wp-page\" data-elementor-id=\"979\" class=\"elementor elementor-979\" data-elementor-post-type=\"page\">\n\t\t\t\t<div class=\"elementor-element elementor-element-4a132b0 e-flex e-con-boxed e-con e-parent\" data-id=\"4a132b0\" data-element_type=\"container\" data-e-type=\"container\">\n\t\t\t\t\t<div class=\"e-con-inner\">\n\t\t\t\t<div class=\"elementor-element elementor-element-929e10f elementor-widget elementor-widget-text-editor\" data-id=\"929e10f\" data-element_type=\"widget\" data-e-type=\"widget\" data-widget_type=\"text-editor.default\">\n\t\t\t\t\t\t\t\t\t<h1 data-start=\"536\" data-end=\"588\">D\u00e9claration de confidentialit\u00e9&nbsp;<\/h1><h1 data-start=\"536\" data-end=\"588\"><span style=\"font-weight: bolder; font-size: 20px;\">Swiss Textil- und Lederschutz GmbH<\/span><\/h1>\n<p data-start=\"590\" data-end=\"837\">Nous nous r\u00e9jouissons de l'int\u00e9r\u00eat que vous portez \u00e0 notre site web. Nous accordons une grande importance \u00e0 la protection de vos donn\u00e9es personnelles. Nous vous informons ci-apr\u00e8s sur la collecte, le traitement et l'utilisation des donn\u00e9es personnelles dans le cadre de ce site web.<\/p>\n<hr data-start=\"839\" data-end=\"842\">\n<h2 data-start=\"844\" data-end=\"868\">1. responsable<\/h2>\n<p data-start=\"869\" data-end=\"958\"><strong data-start=\"869\" data-end=\"907\">Swiss Textil- und Lederschutz GmbH<\/strong><br data-start=\"907\" data-end=\"910\">20, rue Schwerzi<br data-start=\"928\" data-end=\"931\">8807 Freienbach<br data-start=\"946\" data-end=\"949\">Suisse<\/p>\n<p data-start=\"960\" data-end=\"1094\">T\u00e9l\u00e9phone : 043 844 48 08<br data-start=\"982\" data-end=\"985\">Courrier \u00e9lectronique : <a rel=\"noopener\" data-start=\"993\" data-end=\"1020\">info@swiss-fleckenschutz.ch<\/a><br data-start=\"1020\" data-end=\"1023\">Web : <a href=\"https:\/\/swiss-fleckenschutz.ch\/fr\/\" target=\"_new\" rel=\"noopener\" data-start=\"1028\" data-end=\"1092\">www.swiss-fleckenschutz.ch<\/a><\/p>\n<hr data-start=\"1096\" data-end=\"1099\">\n<h2 data-start=\"1101\" data-end=\"1138\">2. g\u00e9n\u00e9ralit\u00e9s sur la collecte de donn\u00e9es<\/h2>\n<p data-start=\"1139\" data-end=\"1553\">Nous traitons les donn\u00e9es personnelles exclusivement dans le cadre des dispositions l\u00e9gales (loi suisse sur la protection des donn\u00e9es, RGPD de l'UE dans la mesure o\u00f9 il est applicable).<br data-start=\"1292\" data-end=\"1295\">Lorsque vous visitez notre site web, seules les donn\u00e9es transmises automatiquement par votre navigateur sont enregistr\u00e9es par d\u00e9faut (p. ex. adresse IP, date\/heure, navigateur utilis\u00e9, pages visit\u00e9es). Celles-ci servent \u00e0 la mise \u00e0 disposition s\u00e9curis\u00e9e et \u00e0 l'am\u00e9lioration de notre offre.<\/p>\n<hr data-start=\"1555\" data-end=\"1558\">\n<h2 data-start=\"1560\" data-end=\"1583\">3. prise de contact<\/h2>\n<p data-start=\"1584\" data-end=\"1785\">Si vous nous contactez par e-mail ou par t\u00e9l\u00e9phone, nous utilisons vos donn\u00e9es uniquement pour traiter votre demande. Elles ne seront pas transmises \u00e0 des tiers sans votre accord explicite.<\/p>\n<hr data-start=\"1787\" data-end=\"1790\">\n<h2 data-start=\"1792\" data-end=\"1828\">4. utilisation de Google Analytics<\/h2>\n<p data-start=\"1829\" data-end=\"2153\">Notre site web utilise <strong data-start=\"1854\" data-end=\"1874\">Google Analytics<\/strong>un service d'analyse web de Google Ireland Limited. Google Analytics utilise des cookies qui permettent d'analyser l'utilisation du site web. Les informations g\u00e9n\u00e9r\u00e9es par les cookies sont g\u00e9n\u00e9ralement transmises \u00e0 un serveur de Google aux \u00c9tats-Unis et y sont stock\u00e9es.<\/p>\n<p data-start=\"2155\" data-end=\"2302\">Nous n'utilisons Google Analytics qu'avec <strong data-start=\"2191\" data-end=\"2212\">Anonymisation des IP<\/strong> est utilis\u00e9e. Cela signifie que votre adresse IP sera raccourcie en Suisse ou dans l'UE\/EEE.<\/p>\n<p data-start=\"2304\" data-end=\"2592\">Vous pouvez emp\u00eacher l'enregistrement de cookies dans les param\u00e8tres de votre navigateur. Vous pouvez \u00e9galement installer un plug-in de navigateur pour d\u00e9sactiver la collecte par Google Analytics :<br data-start=\"2500\" data-end=\"2503\"><a target=\"_new\" rel=\"noopener\" data-start=\"2506\" data-end=\"2590\">https:\/\/tools.google.com\/dlpage\/gaoptout<\/a><\/p>\n<hr data-start=\"2594\" data-end=\"2597\">\n<h2 data-start=\"2599\" data-end=\"2628\">5. la Google Search Console<\/h2>\n<p data-start=\"2629\" data-end=\"2848\">Pour l'optimisation technique, nous utilisons les <strong data-start=\"2672\" data-end=\"2697\">Console de recherche Google<\/strong>. Seules des donn\u00e9es anonymes sur les recherches et les performances du site sont mises \u00e0 disposition. Aucune \u00e9valuation personnelle n'est effectu\u00e9e.<\/p>\n<hr data-start=\"2850\" data-end=\"2853\">\n<h2 data-start=\"2855\" data-end=\"2870\">6. les cookies<\/h2>\n<p data-start=\"2871\" data-end=\"3072\">Notre site web utilise des cookies pour fournir certaines fonctions et am\u00e9liorer l'exp\u00e9rience de l'utilisateur. Vous pouvez \u00e0 tout moment d\u00e9finir dans votre navigateur si les cookies peuvent \u00eatre enregistr\u00e9s.<\/p>\n<hr data-start=\"3074\" data-end=\"3077\">\n<h2 data-start=\"3079\" data-end=\"3107\">7. transmission de donn\u00e9es<\/h2>\n<p data-start=\"3108\" data-end=\"3242\">Les donn\u00e9es \u00e0 caract\u00e8re personnel ne sont en principe pas transmises \u00e0 des tiers, sauf si nous y sommes contraints par la loi.<\/p>\n<hr data-start=\"3244\" data-end=\"3247\">\n<h2 data-start=\"3249\" data-end=\"3268\">8. vos droits<\/h2>\n<p data-start=\"3269\" data-end=\"3504\">Vous avez \u00e0 tout moment le droit d'acc\u00e9der \u00e0 vos donn\u00e9es enregistr\u00e9es, de les rectifier ou de les supprimer, ainsi que le droit de vous opposer \u00e0 leur traitement.<br data-start=\"3427\" data-end=\"3430\">Veuillez adresser vos demandes \u00e0 <a rel=\"noopener\" data-start=\"3475\" data-end=\"3502\">info@swiss-fleckenschutz.ch<\/a><\/p>\n<hr data-start=\"3506\" data-end=\"3509\">\n<h2 data-start=\"3511\" data-end=\"3534\">9. s\u00e9curit\u00e9 des donn\u00e9es<\/h2>\n<p data-start=\"3535\" data-end=\"3671\">Nous mettons en \u0153uvre des mesures techniques et organisationnelles afin de prot\u00e9ger vos donn\u00e9es contre tout acc\u00e8s non autoris\u00e9, toute perte ou tout abus.<\/p>\n<hr data-start=\"3673\" data-end=\"3676\">\n<h2 data-start=\"3678\" data-end=\"3722\">10. modifications de la d\u00e9claration de confidentialit\u00e9<\/h2>\n<p data-start=\"3723\" data-end=\"3922\">Nous nous r\u00e9servons le droit d'adapter cette d\u00e9claration de protection des donn\u00e9es afin qu'elle corresponde toujours aux exigences l\u00e9gales actuelles. La version publi\u00e9e sur cette page fait foi.<\/p>\n<hr data-start=\"3924\" data-end=\"3927\">\n<h3 data-start=\"3929\" data-end=\"3955\">Conception &amp; r\u00e9alisation<\/h3>\n<p data-start=\"3956\" data-end=\"4033\">Conception et r\u00e9alisation de sites web : <a href=\"https:\/\/sparklingbrands.ch\" target=\"_new\" rel=\"noopener\" data-start=\"3981\" data-end=\"4031\">Br\u00fbleurs d'eau de vie&nbsp;<\/a><\/p>\t\t\t\t\t\t\t\t<\/div>\n\t\t\t\t\t<\/div>\n\t\t\t\t<\/div>\n\t\t\t\t<\/div>","protected":false},"excerpt":{"rendered":"<p>Datenschutzerkl\u00e4rung&nbsp; Swiss Textil- und Lederschutz GmbH Wir freuen uns \u00fcber Ihr Interesse an unserer Website. Der Schutz Ihrer pers\u00f6nlichen Daten ist uns ein wichtiges Anliegen. Nachfolgend informieren wir Sie \u00fcber die Erhebung, Verarbeitung und Nutzung personenbezogener Daten im Rahmen dieser Website. 1. Verantwortlicher Swiss Textil- und Lederschutz GmbHSchwerzistrasse 208807 FreienbachSchweiz Telefon: 043 844 48 08E-Mail: [&hellip;]<\/p>\n","protected":false},"author":2,"featured_media":0,"parent":0,"menu_order":0,"comment_status":"closed","ping_status":"closed","template":"elementor_header_footer","meta":{"footnotes":""},"class_list":["post-979","page","type-page","status-publish","hentry"],"_links":{"self":[{"href":"https:\/\/swiss-fleckenschutz.ch\/fr\/wp-json\/wp\/v2\/pages\/979","targetHints":{"allow":["GET"]}}],"collection":[{"href":"https:\/\/swiss-fleckenschutz.ch\/fr\/wp-json\/wp\/v2\/pages"}],"about":[{"href":"https:\/\/swiss-fleckenschutz.ch\/fr\/wp-json\/wp\/v2\/types\/page"}],"author":[{"embeddable":true,"href":"https:\/\/swiss-fleckenschutz.ch\/fr\/wp-json\/wp\/v2\/users\/2"}],"replies":[{"embeddable":true,"href":"https:\/\/swiss-fleckenschutz.ch\/fr\/wp-json\/wp\/v2\/comments?post=979"}],"version-history":[{"count":8,"href":"https:\/\/swiss-fleckenschutz.ch\/fr\/wp-json\/wp\/v2\/pages\/979\/revisions"}],"predecessor-version":[{"id":1281,"href":"https:\/\/swiss-fleckenschutz.ch\/fr\/wp-json\/wp\/v2\/pages\/979\/revisions\/1281"}],"wp:attachment":[{"href":"https:\/\/swiss-fleckenschutz.ch\/fr\/wp-json\/wp\/v2\/media?parent=979"}],"curies":[{"name":"wp","href":"https:\/\/api.w.org\/{rel}","templated":true}]}}